{"id":32,"date":"2017-04-20T21:43:23","date_gmt":"2017-04-20T21:43:23","guid":{"rendered":"http:\/\/jungxellen.de\/?page_id=32"},"modified":"2017-04-24T15:22:23","modified_gmt":"2017-04-24T15:22:23","slug":"geschichte","status":"publish","type":"page","link":"https:\/\/jungxellen.de\/?page_id=32","title":{"rendered":"Geschichte"},"content":{"rendered":"<p>Es geschah vor nicht allzu langer Zeit im letzten Jahrtausend. Man Schrieb das Jahr 1994 als sich 7 Junge Burschen aufmachten dem Alltag der Fasnet den Kampf anzusagen. Sie hatten es satt dem Bunten Treiben der Fasnet nur vom Stra\u00dfenrand zuzusehen und wollten selbst aktiv werden. Also beschlossen Sie einfach einen Fasnetswagen zu bauen und diesen w\u00e4hrend des Umzugs auf dem Sulgen zu pr\u00e4sentieren.<\/p>\n<p>Dieses Ziel des Wagenbaus war recht schnell gekl\u00e4rt und auch die Formalit\u00e4ten waren sehr schnell abgewickelt. Am Tage der Abnahme des Wunderwerkes durch die Narrenzunft Sulgen e.V. stellte sich dann ein entscheidendes Problem. Der Elferrat der Narrenzunft mu\u00dfte in Ihr Umzugsformular einen Namen angeben, doch die 7 lustigen Knaben hatten au\u00dfer einem frisch aufgew\u00e4rmten Rausch nicht viel im Sch\u00e4del. Nun stellte sich die Frage wie soll der Haufen der Jungs jetzt hei\u00dfen. Man gr\u00fcbelte, \u00fcberlegte, dachte nach, (jeder hochstudierte w\u00fcrde &#8222;Brainstorming&#8220; dazu sagen). Kurz vor Umzug beginn kam einer der sieben auf den glorreichen Namen welcher sofort mit schwarzer Farbe auf ein altes vergammeltes Brett gepinselt wurde. Dieses vergammelte Brett schraubte man noch schnell an die Zugmaschine (Bulldog der Fa. Wahl mit 17 PS welcher in der Umgangssprache nur Wahlfisch genannt) und fertig war die Fasnetsgruppe der n\u00e4chsten Generation.<\/p>\n<p>Nun stand den lustigen Jungs nichts mehr im Wege und Sie machten sich auf und niemand konnte Sie mehr in Ihrem Siegeszug aufhalten.<\/p>\n<p>Der Name den sich diese Fasnetshelden ausgesucht hatten wird sich ja jeder denken k\u00f6nnen. Zur Erinnerung k\u00f6nnen wir ihn f\u00fcr alle noch mal anzeigen.<\/p>\n<p><img loading=\"lazy\" decoding=\"async\" class=\"alignnone wp-image-91\" src=\"http:\/\/jungxellen.de\/wp-content\/uploads\/2017\/04\/Junggesellen-Bulldogschild-300x121.jpg\" alt=\"\" width=\"337\" height=\"142\" \/><\/p>\n<p>Neu ab Januar 2006<\/p>\n<p>Und so waren die Junggesellen Sulgen geboren. Der Umzug war ein voller Erfolg und es sprang auch sofort ein dritter Platz heraus. Diesen Erfolg nahmen die Jungs zum Anlass, im kommenden Jahr erneut an den Start zu gehen.<\/p>\n<p>Im Jahre 1995 pr\u00e4sentierten die Junggesellen Sulgen ihr neues Wunderwerk. Mit dem Thema\u00a0 \u201cALM \u00d6HI\u201d traten die Junggesellen nicht nur mit Ihrer legend\u00e4re Milka Kuh sondern auch mit neuen Mitgliedern auf. Mit nun mehr zehn Scherzkeksen, hatten die Jungs noch mehr Spa\u00df am Fasnetstreiben und sie schworen sich, den ganz gro\u00dfen Vereinen den Kampf anzusagen.<\/p>\n<p>So bauten die Junggesellen Sulgen jedes Jahr einen neuen Wagen, welcher von Jahr zu Jahr gr\u00f6\u00dfer und gr\u00f6\u00dfer wurde. Im Jahre 1999 gelang es den frivolen Jungs zum erstenmal ganz oben auf dem\u00a0 Podest der Wagenbauer zu stehen. Sie waren ganz oben angekommen. Von nun an wurden Sie immer mit den ganz Gro\u00dfen genannt.<\/p>\n<p>Da die Jahre so ins Land zogen, konnten die lustigen Kerle vor lauter Spa\u00df und\u00a0 Wagen bauen nicht erkennen, das sich immer mehr weibliche Lebewesen in ihren Verein schmuggelten. Wobei man sagen muss, dass es zum Teil ohne die Frauen gar nicht mehr ging.<\/p>\n<p>Da ein\u00a0 Junggesellen Club jedoch meist aus Junggesellen besteht, ist es von der Namensgebung recht unlogisch wenn auch weibliche Mitglieder (ohne Glieder) dem Verein beitreten durften. Aus diesem Grund wurde der Namen im Jahre 2004 auf JungXellen Sulgen umbenannt. Dabei steht der Name nicht f\u00fcr die Junggesellen sondern f\u00fcr viele junge Leute die Spa\u00df an der Fasnet haben. Und so bauten die jungen Leute (M\u00e4nnlein wie auch Weiblein) jedes Jahr ihren Fasnetswagen.<\/p>\n<p>Im Jahre 2005 standen Sie schon wieder auf dem Olymp des Marte Peter\u2019s. Mit Ihrem Dino und den tollen Kleidern der Familie Feuerstein (danke liebe M\u00e4dels) waren Sie ein noch nie dagewesenes Highlight auf den Strassen von Schramberg, Sulgen und Heiligenbronn und verwiesen die Konkurrenz auf die Pl\u00e4tze.<\/p>\n<p>Das kommende Jahr 2006 wird nun schon wieder begeistert empfangen. Viele Zuschauer am Stra\u00dfenrand sind nun schon gespannt auf die neuen W\u00e4gen der Fasnetsgruppen. Mit welchem Thema und welchem Wagen,\u00a0 sich die JungXellen pr\u00e4sentieren werden ist noch v\u00f6llig unklar. Jedoch ist eins gewiss:<\/p>\n<p>Den langen, steinigen und harten Weg haben sich die JungXellen Sulgen nach oben gek\u00e4mpft und bauen nun in der h\u00f6chsten Sulgener Wagenbauerliga mit. Und wird in Zukunft auch mal kein Wagen gebaut, so m\u00fcssen sie die anderen Gruppierungen warm anziehen, denn der n\u00e4chste Wagen wird immer eine Nummer m\u00e4chtiger!!!<\/p>\n<p><img loading=\"lazy\" decoding=\"async\" class=\"alignnone size-medium wp-image-10\" src=\"http:\/\/jungxellen.de\/wp-content\/uploads\/2017\/04\/Logo-300x292.jpg\" alt=\"\" width=\"300\" height=\"292\" srcset=\"https:\/\/jungxellen.de\/wp-content\/uploads\/2017\/04\/Logo-300x292.jpg 300w, https:\/\/jungxellen.de\/wp-content\/uploads\/2017\/04\/Logo-768x748.jpg 768w, https:\/\/jungxellen.de\/wp-content\/uploads\/2017\/04\/Logo.jpg 1000w\" sizes=\"auto, (max-width: 300px) 100vw, 300px\" \/><\/p>\n","protected":false},"excerpt":{"rendered":"<p>Es geschah vor nicht allzu langer Zeit im letzten Jahrtausend. Man Schrieb das Jahr 1994 als sich 7 Junge Burschen aufmachten dem [&hellip;]<\/p>\n","protected":false},"author":1,"featured_media":11,"parent":0,"menu_order":0,"comment_status":"closed","ping_status":"closed","template":"","meta":{"footnotes":""},"class_list":["post-32","page","type-page","status-publish","has-post-thumbnail","hentry"],"_links":{"self":[{"href":"https:\/\/jungxellen.de\/index.php?rest_route=\/wp\/v2\/pages\/32","targetHints":{"allow":["GET"]}}],"collection":[{"href":"https:\/\/jungxellen.de\/index.php?rest_route=\/wp\/v2\/pages"}],"about":[{"href":"https:\/\/jungxellen.de\/index.php?rest_route=\/wp\/v2\/types\/page"}],"author":[{"embeddable":true,"href":"https:\/\/jungxellen.de\/index.php?rest_route=\/wp\/v2\/users\/1"}],"replies":[{"embeddable":true,"href":"https:\/\/jungxellen.de\/index.php?rest_route=%2Fwp%2Fv2%2Fcomments&post=32"}],"version-history":[{"count":6,"href":"https:\/\/jungxellen.de\/index.php?rest_route=\/wp\/v2\/pages\/32\/revisions"}],"predecessor-version":[{"id":96,"href":"https:\/\/jungxellen.de\/index.php?rest_route=\/wp\/v2\/pages\/32\/revisions\/96"}],"wp:featuredmedia":[{"embeddable":true,"href":"https:\/\/jungxellen.de\/index.php?rest_route=\/wp\/v2\/media\/11"}],"wp:attachment":[{"href":"https:\/\/jungxellen.de\/index.php?rest_route=%2Fwp%2Fv2%2Fmedia&parent=32"}],"curies":[{"name":"wp","href":"https:\/\/api.w.org\/{rel}","templated":true}]}}